{"id":2427,"date":"2024-03-01T15:44:23","date_gmt":"2024-03-01T14:44:23","guid":{"rendered":"http:\/\/www.giampieroruggieri.it\/?page_id=2427"},"modified":"2024-03-11T16:42:02","modified_gmt":"2024-03-11T15:42:02","slug":"broken","status":"publish","type":"page","link":"https:\/\/www.giampieroruggieri.it\/?page_id=2427","title":{"rendered":"Broken"},"content":{"rendered":"\n<p>Questa serie di illustrazioni, chiamata Broken, \u00e8 una riflessione sulle cose che non funzionano pi\u00f9. Ogni oggetto ha una funzione. Se si rompe e perde questa funzione l\u2019oggetto in questione non serve pi\u00f9. \u00c8 da buttare. Ma \u00e8 veramente da buttare? Noi stessi siamo come questi oggetti. Forse abbiamo perso con l\u2019uso (gli anni) qualche funzione, oppure ci siamo rotti accidentalmente. Comunque sia siamo sempre qua, come le ceramiche dell\u2019antica arte giapponese del kintsugi che rende gli oggetti ancora pi\u00f9 pregiati grazie alle loro cicatrici.<\/p>\n\n\n\n<figure class=\"wp-block-gallery has-nested-images columns-default is-cropped\">\n<figure class=\"wp-block-image size-large is-style-default\"><a href=\"http:\/\/www.giampieroruggieri.it\/?attachment_id=2337\"><img loading=\"lazy\" width=\"869\" height=\"869\" data-id=\"2337\"  src=\"http:\/\/www.giampieroruggieri.it\/wp-content\/uploads\/Broken2.jpg\" alt=\"\" class=\"wp-image-2337\" srcset=\"https:\/\/www.giampieroruggieri.it\/wp-content\/uploads\/Broken2.jpg 869w, https:\/\/www.giampieroruggieri.it\/wp-content\/uploads\/Broken2-600x600.jpg 600w, https:\/\/www.giampieroruggieri.it\/wp-content\/uploads\/Broken2-150x150.jpg 150w, https:\/\/www.giampieroruggieri.it\/wp-content\/uploads\/Broken2-768x768.jpg 768w, https:\/\/www.giampieroruggieri.it\/wp-content\/uploads\/Broken2-270x270.jpg 270w, https:\/\/www.giampieroruggieri.it\/wp-content\/uploads\/Broken2-230x230.jpg 230w\" sizes=\"(max-width: 869px) 100vw, 869px\" \/><\/a><\/figure>\n\n\n\n<figure class=\"wp-block-image size-large is-style-default\"><a href=\"http:\/\/www.giampieroruggieri.it\/?attachment_id=2336\"><img loading=\"lazy\" width=\"869\" height=\"869\" data-id=\"2336\"  src=\"http:\/\/www.giampieroruggieri.it\/wp-content\/uploads\/Broken.jpg\" alt=\"\" class=\"wp-image-2336\" srcset=\"https:\/\/www.giampieroruggieri.it\/wp-content\/uploads\/Broken.jpg 869w, https:\/\/www.giampieroruggieri.it\/wp-content\/uploads\/Broken-600x600.jpg 600w, https:\/\/www.giampieroruggieri.it\/wp-content\/uploads\/Broken-150x150.jpg 150w, https:\/\/www.giampieroruggieri.it\/wp-content\/uploads\/Broken-768x768.jpg 768w, https:\/\/www.giampieroruggieri.it\/wp-content\/uploads\/Broken-270x270.jpg 270w, https:\/\/www.giampieroruggieri.it\/wp-content\/uploads\/Broken-230x230.jpg 230w\" sizes=\"(max-width: 869px) 100vw, 869px\" \/><\/a><\/figure>\n\n\n\n<figure class=\"wp-block-image size-large is-style-default\"><a href=\"http:\/\/www.giampieroruggieri.it\/?attachment_id=2331\"><img loading=\"lazy\" width=\"869\" height=\"869\" data-id=\"2331\"  src=\"http:\/\/www.giampieroruggieri.it\/wp-content\/uploads\/Broken6.jpg\" alt=\"\" class=\"wp-image-2331\" srcset=\"https:\/\/www.giampieroruggieri.it\/wp-content\/uploads\/Broken6.jpg 869w, https:\/\/www.giampieroruggieri.it\/wp-content\/uploads\/Broken6-600x600.jpg 600w, https:\/\/www.giampieroruggieri.it\/wp-content\/uploads\/Broken6-150x150.jpg 150w, https:\/\/www.giampieroruggieri.it\/wp-content\/uploads\/Broken6-768x768.jpg 768w, https:\/\/www.giampieroruggieri.it\/wp-content\/uploads\/Broken6-270x270.jpg 270w, https:\/\/www.giampieroruggieri.it\/wp-content\/uploads\/Broken6-230x230.jpg 230w\" sizes=\"(max-width: 869px) 100vw, 869px\" \/><\/a><\/figure>\n\n\n\n<figure class=\"wp-block-image size-large is-style-default\"><a href=\"http:\/\/www.giampieroruggieri.it\/?attachment_id=2332\"><img loading=\"lazy\" width=\"869\" height=\"869\" data-id=\"2332\"  src=\"http:\/\/www.giampieroruggieri.it\/wp-content\/uploads\/Broken9.jpg\" alt=\"\" class=\"wp-image-2332\" srcset=\"https:\/\/www.giampieroruggieri.it\/wp-content\/uploads\/Broken9.jpg 869w, https:\/\/www.giampieroruggieri.it\/wp-content\/uploads\/Broken9-600x600.jpg 600w, https:\/\/www.giampieroruggieri.it\/wp-content\/uploads\/Broken9-150x150.jpg 150w, https:\/\/www.giampieroruggieri.it\/wp-content\/uploads\/Broken9-768x768.jpg 768w, https:\/\/www.giampieroruggieri.it\/wp-content\/uploads\/Broken9-270x270.jpg 270w, https:\/\/www.giampieroruggieri.it\/wp-content\/uploads\/Broken9-230x230.jpg 230w\" sizes=\"(max-width: 869px) 100vw, 869px\" \/><\/a><\/figure>\n\n\n\n<figure class=\"wp-block-image size-large is-style-default\"><a href=\"http:\/\/www.giampieroruggieri.it\/?attachment_id=2333\"><img loading=\"lazy\" width=\"869\" height=\"869\" data-id=\"2333\"  src=\"http:\/\/www.giampieroruggieri.it\/wp-content\/uploads\/Broken5.jpg\" alt=\"\" class=\"wp-image-2333\" srcset=\"https:\/\/www.giampieroruggieri.it\/wp-content\/uploads\/Broken5.jpg 869w, https:\/\/www.giampieroruggieri.it\/wp-content\/uploads\/Broken5-600x600.jpg 600w, https:\/\/www.giampieroruggieri.it\/wp-content\/uploads\/Broken5-150x150.jpg 150w, https:\/\/www.giampieroruggieri.it\/wp-content\/uploads\/Broken5-768x768.jpg 768w, https:\/\/www.giampieroruggieri.it\/wp-content\/uploads\/Broken5-270x270.jpg 270w, https:\/\/www.giampieroruggieri.it\/wp-content\/uploads\/Broken5-230x230.jpg 230w\" sizes=\"(max-width: 869px) 100vw, 869px\" \/><\/a><\/figure>\n\n\n\n<figure class=\"wp-block-image size-large is-style-default\"><a href=\"http:\/\/www.giampieroruggieri.it\/?attachment_id=2334\"><img loading=\"lazy\" width=\"869\" height=\"869\" data-id=\"2334\"  src=\"http:\/\/www.giampieroruggieri.it\/wp-content\/uploads\/Broken3.jpg\" alt=\"\" class=\"wp-image-2334\" srcset=\"https:\/\/www.giampieroruggieri.it\/wp-content\/uploads\/Broken3.jpg 869w, https:\/\/www.giampieroruggieri.it\/wp-content\/uploads\/Broken3-600x600.jpg 600w, https:\/\/www.giampieroruggieri.it\/wp-content\/uploads\/Broken3-150x150.jpg 150w, https:\/\/www.giampieroruggieri.it\/wp-content\/uploads\/Broken3-768x768.jpg 768w, https:\/\/www.giampieroruggieri.it\/wp-content\/uploads\/Broken3-270x270.jpg 270w, https:\/\/www.giampieroruggieri.it\/wp-content\/uploads\/Broken3-230x230.jpg 230w\" sizes=\"(max-width: 869px) 100vw, 869px\" \/><\/a><\/figure>\n\n\n\n<figure class=\"wp-block-image size-large is-style-default\"><a href=\"http:\/\/www.giampieroruggieri.it\/?attachment_id=2335\"><img loading=\"lazy\" width=\"869\" height=\"869\" data-id=\"2335\"  src=\"http:\/\/www.giampieroruggieri.it\/wp-content\/uploads\/Broken4.jpg\" alt=\"\" class=\"wp-image-2335\" srcset=\"https:\/\/www.giampieroruggieri.it\/wp-content\/uploads\/Broken4.jpg 869w, https:\/\/www.giampieroruggieri.it\/wp-content\/uploads\/Broken4-600x600.jpg 600w, https:\/\/www.giampieroruggieri.it\/wp-content\/uploads\/Broken4-150x150.jpg 150w, https:\/\/www.giampieroruggieri.it\/wp-content\/uploads\/Broken4-768x768.jpg 768w, https:\/\/www.giampieroruggieri.it\/wp-content\/uploads\/Broken4-270x270.jpg 270w, https:\/\/www.giampieroruggieri.it\/wp-content\/uploads\/Broken4-230x230.jpg 230w\" sizes=\"(max-width: 869px) 100vw, 869px\" \/><\/a><\/figure>\n\n\n\n<figure class=\"wp-block-image size-large is-style-default\"><a href=\"http:\/\/www.giampieroruggieri.it\/?attachment_id=2330\"><img loading=\"lazy\" width=\"869\" height=\"869\" data-id=\"2330\"  src=\"http:\/\/www.giampieroruggieri.it\/wp-content\/uploads\/Broken8.jpg\" alt=\"\" class=\"wp-image-2330\" srcset=\"https:\/\/www.giampieroruggieri.it\/wp-content\/uploads\/Broken8.jpg 869w, https:\/\/www.giampieroruggieri.it\/wp-content\/uploads\/Broken8-600x600.jpg 600w, https:\/\/www.giampieroruggieri.it\/wp-content\/uploads\/Broken8-150x150.jpg 150w, https:\/\/www.giampieroruggieri.it\/wp-content\/uploads\/Broken8-768x768.jpg 768w, https:\/\/www.giampieroruggieri.it\/wp-content\/uploads\/Broken8-270x270.jpg 270w, https:\/\/www.giampieroruggieri.it\/wp-content\/uploads\/Broken8-230x230.jpg 230w\" sizes=\"(max-width: 869px) 100vw, 869px\" \/><\/a><\/figure>\n\n\n\n<figure class=\"wp-block-image size-large is-style-default\"><a href=\"http:\/\/www.giampieroruggieri.it\/?attachment_id=2329\"><img loading=\"lazy\" width=\"869\" height=\"869\" data-id=\"2329\"  src=\"http:\/\/www.giampieroruggieri.it\/wp-content\/uploads\/Broken10.jpg\" alt=\"\" class=\"wp-image-2329\" srcset=\"https:\/\/www.giampieroruggieri.it\/wp-content\/uploads\/Broken10.jpg 869w, https:\/\/www.giampieroruggieri.it\/wp-content\/uploads\/Broken10-600x600.jpg 600w, https:\/\/www.giampieroruggieri.it\/wp-content\/uploads\/Broken10-150x150.jpg 150w, https:\/\/www.giampieroruggieri.it\/wp-content\/uploads\/Broken10-768x768.jpg 768w, https:\/\/www.giampieroruggieri.it\/wp-content\/uploads\/Broken10-270x270.jpg 270w, https:\/\/www.giampieroruggieri.it\/wp-content\/uploads\/Broken10-230x230.jpg 230w\" sizes=\"(max-width: 869px) 100vw, 869px\" \/><\/a><\/figure>\n\n\n\n<figure class=\"wp-block-image size-large is-style-default\"><a href=\"http:\/\/www.giampieroruggieri.it\/?attachment_id=2328\"><img loading=\"lazy\" width=\"869\" height=\"869\" data-id=\"2328\"  src=\"http:\/\/www.giampieroruggieri.it\/wp-content\/uploads\/Broken11.jpg\" alt=\"\" class=\"wp-image-2328\" srcset=\"https:\/\/www.giampieroruggieri.it\/wp-content\/uploads\/Broken11.jpg 869w, https:\/\/www.giampieroruggieri.it\/wp-content\/uploads\/Broken11-600x600.jpg 600w, https:\/\/www.giampieroruggieri.it\/wp-content\/uploads\/Broken11-150x150.jpg 150w, https:\/\/www.giampieroruggieri.it\/wp-content\/uploads\/Broken11-768x768.jpg 768w, https:\/\/www.giampieroruggieri.it\/wp-content\/uploads\/Broken11-270x270.jpg 270w, https:\/\/www.giampieroruggieri.it\/wp-content\/uploads\/Broken11-230x230.jpg 230w\" sizes=\"(max-width: 869px) 100vw, 869px\" \/><\/a><\/figure>\n\n\n\n<figure class=\"wp-block-image size-large is-style-default\"><a href=\"http:\/\/www.giampieroruggieri.it\/?attachment_id=2327\"><img loading=\"lazy\" width=\"869\" height=\"869\" data-id=\"2327\"  src=\"http:\/\/www.giampieroruggieri.it\/wp-content\/uploads\/Broken7.jpg\" alt=\"\" class=\"wp-image-2327\" srcset=\"https:\/\/www.giampieroruggieri.it\/wp-content\/uploads\/Broken7.jpg 869w, https:\/\/www.giampieroruggieri.it\/wp-content\/uploads\/Broken7-600x600.jpg 600w, https:\/\/www.giampieroruggieri.it\/wp-content\/uploads\/Broken7-150x150.jpg 150w, https:\/\/www.giampieroruggieri.it\/wp-content\/uploads\/Broken7-768x768.jpg 768w, https:\/\/www.giampieroruggieri.it\/wp-content\/uploads\/Broken7-270x270.jpg 270w, https:\/\/www.giampieroruggieri.it\/wp-content\/uploads\/Broken7-230x230.jpg 230w\" sizes=\"(max-width: 869px) 100vw, 869px\" \/><\/a><\/figure>\n\n\n\n<figure class=\"wp-block-image size-large is-style-default\"><a href=\"http:\/\/www.giampieroruggieri.it\/?attachment_id=2326\"><img loading=\"lazy\" width=\"869\" height=\"869\" data-id=\"2326\"  src=\"http:\/\/www.giampieroruggieri.it\/wp-content\/uploads\/Broken12.jpg\" alt=\"\" class=\"wp-image-2326\" srcset=\"https:\/\/www.giampieroruggieri.it\/wp-content\/uploads\/Broken12.jpg 869w, https:\/\/www.giampieroruggieri.it\/wp-content\/uploads\/Broken12-600x600.jpg 600w, https:\/\/www.giampieroruggieri.it\/wp-content\/uploads\/Broken12-150x150.jpg 150w, https:\/\/www.giampieroruggieri.it\/wp-content\/uploads\/Broken12-768x768.jpg 768w, https:\/\/www.giampieroruggieri.it\/wp-content\/uploads\/Broken12-270x270.jpg 270w, https:\/\/www.giampieroruggieri.it\/wp-content\/uploads\/Broken12-230x230.jpg 230w\" sizes=\"(max-width: 869px) 100vw, 869px\" \/><\/a><\/figure>\n<\/figure>\n","protected":false},"excerpt":{"rendered":"<p>Questa serie di illustrazioni, chiamata Broken, \u00e8 una riflessione sulle cose che non funzionano pi\u00f9. Ogni oggetto ha una funzione. Se si rompe e perde questa funzione l\u2019oggetto in questione non serve pi\u00f9. \u00c8 da buttare. Ma \u00e8 veramente da<\/p>\n","protected":false},"author":1,"featured_media":0,"parent":0,"menu_order":0,"comment_status":"closed","ping_status":"closed","template":"","meta":[],"_links":{"self":[{"href":"https:\/\/www.giampieroruggieri.it\/index.php?rest_route=\/wp\/v2\/pages\/2427"}],"collection":[{"href":"https:\/\/www.giampieroruggieri.it\/index.php?rest_route=\/wp\/v2\/pages"}],"about":[{"href":"https:\/\/www.giampieroruggieri.it\/index.php?rest_route=\/wp\/v2\/types\/page"}],"author":[{"embeddable":true,"href":"https:\/\/www.giampieroruggieri.it\/index.php?rest_route=\/wp\/v2\/users\/1"}],"replies":[{"embeddable":true,"href":"https:\/\/www.giampieroruggieri.it\/index.php?rest_route=%2Fwp%2Fv2%2Fcomments&post=2427"}],"version-history":[{"count":3,"href":"https:\/\/www.giampieroruggieri.it\/index.php?rest_route=\/wp\/v2\/pages\/2427\/revisions"}],"predecessor-version":[{"id":2556,"href":"https:\/\/www.giampieroruggieri.it\/index.php?rest_route=\/wp\/v2\/pages\/2427\/revisions\/2556"}],"wp:attachment":[{"href":"https:\/\/www.giampieroruggieri.it\/index.php?rest_route=%2Fwp%2Fv2%2Fmedia&parent=2427"}],"curies":[{"name":"wp","href":"https:\/\/api.w.org\/{rel}","templated":true}]}}